{"id":5545,"date":"2022-08-10T20:46:36","date_gmt":"2022-08-10T17:46:36","guid":{"rendered":"https:\/\/sweetbabydreams.ee\/?post_type=product&#038;p=5545"},"modified":"2026-04-15T22:36:41","modified_gmt":"2026-04-15T19:36:41","slug":"%d0%ba%d0%be%d1%80%d0%b7%d0%b8%d0%bd%d0%b0-%d0%b4%d0%bb%d1%8f-%d0%bc%d0%b5%d0%bb%d0%be%d1%87%d0%b5%d0%b9-%d0%bd%d0%b5%d0%b1%d0%b5%d1%81%d0%bd%d1%8b%d0%b9","status":"publish","type":"product","link":"https:\/\/sweetbabydreams.ee\/et\/toode-2\/\u043a\u043e\u0440\u0437\u0438\u043d\u0430-\u0434\u043b\u044f-\u043c\u0435\u043b\u043e\u0447\u0435\u0439-\u043d\u0435\u0431\u0435\u0441\u043d\u044b\u0439\/","title":{"rendered":"V\u00e4ikeste asjade korv - Taevalik"},"content":{"rendered":"","protected":false},"excerpt":{"rendered":"<p>K\u00e4sit\u00f6\u00f6, materjal puuvillane l\u00f5ng.<\/p>","protected":false},"featured_media":5539,"comment_status":"open","ping_status":"closed","template":"","meta":{"_seopress_robots_primary_cat":"none","_seopress_titles_title":"","_seopress_titles_desc":"","_seopress_robots_index":""},"product_cat":[72],"product_tag":[],"class_list":{"0":"post-5545","1":"product","2":"type-product","3":"status-publish","4":"has-post-thumbnail","6":"product_cat-toy-baskets","7":"product_shipping_class-small","9":"first","10":"instock","11":"shipping-taxable","12":"purchasable","13":"product-type-simple"},"jetpack_sharing_enabled":true,"jetpack-related-posts":[],"_links":{"self":[{"href":"https:\/\/sweetbabydreams.ee\/et\/wp-json\/wp\/v2\/product\/5545","targetHints":{"allow":["GET"]}}],"collection":[{"href":"https:\/\/sweetbabydreams.ee\/et\/wp-json\/wp\/v2\/product"}],"about":[{"href":"https:\/\/sweetbabydreams.ee\/et\/wp-json\/wp\/v2\/types\/product"}],"replies":[{"embeddable":true,"href":"https:\/\/sweetbabydreams.ee\/et\/wp-json\/wp\/v2\/comments?post=5545"}],"wp:featuredmedia":[{"embeddable":true,"href":"https:\/\/sweetbabydreams.ee\/et\/wp-json\/wp\/v2\/media\/5539"}],"wp:attachment":[{"href":"https:\/\/sweetbabydreams.ee\/et\/wp-json\/wp\/v2\/media?parent=5545"}],"wp:term":[{"taxonomy":"product_cat","embeddable":true,"href":"https:\/\/sweetbabydreams.ee\/et\/wp-json\/wp\/v2\/product_cat?post=5545"},{"taxonomy":"product_tag","embeddable":true,"href":"https:\/\/sweetbabydreams.ee\/et\/wp-json\/wp\/v2\/product_tag?post=5545"}],"curies":[{"name":"wp","href":"https:\/\/api.w.org\/{rel}","templated":true}]}}