{"id":8089,"date":"2024-10-28T11:52:45","date_gmt":"2024-10-28T08:52:45","guid":{"rendered":"https:\/\/sweetbabydreams.ee\/ru\/?post_type=product&#038;p=8089"},"modified":"2026-04-15T22:23:40","modified_gmt":"2026-04-15T19:23:40","slug":"%d0%ba%d0%be%d1%80%d0%b7%d0%b8%d0%bd%d0%b0-%d0%b4%d0%bb%d1%8f-%d0%bc%d0%b5%d0%bb%d0%be%d1%87%d0%b5%d0%b9-%d0%bc%d0%b5%d0%bd%d1%82%d0%be%d0%bb-3-2","status":"publish","type":"product","link":"https:\/\/sweetbabydreams.ee\/et\/toode-2\/\u043a\u043e\u0440\u0437\u0438\u043d\u0430-\u0434\u043b\u044f-\u043c\u0435\u043b\u043e\u0447\u0435\u0439-\u043c\u0435\u043d\u0442\u043e\u043b-3-2\/","title":{"rendered":"V\u00e4ikeste asjade korv"},"content":{"rendered":"<div class=\"woocommerce-product-details__short-description\">\n<p>K\u00e4sit\u00f6\u00f6, materjal puuvillane l\u00f5ng.<\/p>\n<\/div>","protected":false},"excerpt":{"rendered":"<div class=\"woocommerce-product-details__short-description\">\n<p>K\u00e4sit\u00f6\u00f6, materjal puuvillane l\u00f5ng.<\/p>\n<\/div>","protected":false},"featured_media":8090,"comment_status":"open","ping_status":"closed","template":"","meta":{"_seopress_robots_primary_cat":"","_seopress_titles_title":"","_seopress_titles_desc":"","_seopress_robots_index":""},"product_cat":[72],"product_tag":[],"class_list":{"0":"post-8089","1":"product","2":"type-product","3":"status-publish","4":"has-post-thumbnail","6":"product_cat-toy-baskets","8":"first","9":"instock","10":"shipping-taxable","11":"purchasable","12":"product-type-simple"},"jetpack_sharing_enabled":true,"jetpack-related-posts":[],"_links":{"self":[{"href":"https:\/\/sweetbabydreams.ee\/et\/wp-json\/wp\/v2\/product\/8089","targetHints":{"allow":["GET"]}}],"collection":[{"href":"https:\/\/sweetbabydreams.ee\/et\/wp-json\/wp\/v2\/product"}],"about":[{"href":"https:\/\/sweetbabydreams.ee\/et\/wp-json\/wp\/v2\/types\/product"}],"replies":[{"embeddable":true,"href":"https:\/\/sweetbabydreams.ee\/et\/wp-json\/wp\/v2\/comments?post=8089"}],"wp:featuredmedia":[{"embeddable":true,"href":"https:\/\/sweetbabydreams.ee\/et\/wp-json\/wp\/v2\/media\/8090"}],"wp:attachment":[{"href":"https:\/\/sweetbabydreams.ee\/et\/wp-json\/wp\/v2\/media?parent=8089"}],"wp:term":[{"taxonomy":"product_cat","embeddable":true,"href":"https:\/\/sweetbabydreams.ee\/et\/wp-json\/wp\/v2\/product_cat?post=8089"},{"taxonomy":"product_tag","embeddable":true,"href":"https:\/\/sweetbabydreams.ee\/et\/wp-json\/wp\/v2\/product_tag?post=8089"}],"curies":[{"name":"wp","href":"https:\/\/api.w.org\/{rel}","templated":true}]}}