{"id":9182,"date":"2026-04-28T11:33:31","date_gmt":"2026-04-28T08:33:31","guid":{"rendered":"https:\/\/sweetbabydreams.ee\/ru\/?post_type=product&#038;p=9182"},"modified":"2026-04-28T11:37:19","modified_gmt":"2026-04-28T08:37:19","slug":"%d0%ba%d0%be%d0%bc%d0%bf%d0%bb%d0%b5%d0%ba%d1%82-%d0%bf%d0%be%d1%81%d1%82%d0%b5%d0%bb%d1%8c%d0%bd%d0%be%d0%b3%d0%be-%d0%b1%d0%b5%d0%bb%d1%8c%d1%8f-%d0%bd%d0%b5%d0%b1%d0%be","status":"publish","type":"product","link":"https:\/\/sweetbabydreams.ee\/et\/toode-2\/\u043a\u043e\u043c\u043f\u043b\u0435\u043a\u0442-\u043f\u043e\u0441\u0442\u0435\u043b\u044c\u043d\u043e\u0433\u043e-\u0431\u0435\u043b\u044c\u044f-\u043d\u0435\u0431\u043e\/","title":{"rendered":"Voodipesukomplekt \"Taevas\""},"content":{"rendered":"","protected":false},"excerpt":{"rendered":"<p>\u00d5rnades ja rahulikes toonides voodipesukomplekt on ideaalne valik hubasesse teismelise poisi tuppa. Minimalistlik disain vikerkaarte ja t\u00e4htedega loob m\u00f5nusa ja tasakaalustatud atmosf\u00e4\u00e4ri, ilma et ruum oleks \u00fclekoormatud.<\/p>\n<p>Valmistatud premium-kvaliteediga puuvillast digitaalse tr\u00fckiga \u2014 kangas on pehme, nahas\u00f5bralik ning s\u00e4ilitab oma v\u00e4rvi ja kuju ka p\u00e4rast korduvaid pesusid.<\/p>\n<p>Komplekt sisaldab:<\/p>\n<p>Padjap\u00fc\u00fcr: 50\u00d770 cm<\/p>\n<p>Tekikott: 150\u00d7200 cm<\/p>\n<p>Lina valikus:<br \/>\n80x160cm<br \/>\n90x200 cm<br \/>\n120x200 cm<br \/>\n140x200 cm<\/p>\n<p>\u2714 Naturaalne ja hingav materjal<br \/>\n\u2714 H\u00fcpoallergeenne<br \/>\n\u2714 Sobib igap\u00e4evaseks kasutamiseks<br \/>\n\u2714 Ideaalne teismelistele<\/p>","protected":false},"featured_media":9181,"comment_status":"open","ping_status":"closed","template":"","meta":{"_seopress_robots_primary_cat":"","_seopress_titles_title":"","_seopress_titles_desc":"","_seopress_robots_index":""},"product_cat":[71],"product_tag":[145,97],"class_list":{"0":"post-9182","1":"product","2":"type-product","3":"status-publish","4":"has-post-thumbnail","6":"product_cat-linens","7":"product_tag-padi-beebipad-","8":"product_tag-97","9":"product_shipping_class-large","11":"first","12":"instock","13":"shipping-taxable","14":"purchasable","15":"product-type-variable"},"jetpack_sharing_enabled":true,"jetpack-related-posts":[],"_links":{"self":[{"href":"https:\/\/sweetbabydreams.ee\/et\/wp-json\/wp\/v2\/product\/9182","targetHints":{"allow":["GET"]}}],"collection":[{"href":"https:\/\/sweetbabydreams.ee\/et\/wp-json\/wp\/v2\/product"}],"about":[{"href":"https:\/\/sweetbabydreams.ee\/et\/wp-json\/wp\/v2\/types\/product"}],"replies":[{"embeddable":true,"href":"https:\/\/sweetbabydreams.ee\/et\/wp-json\/wp\/v2\/comments?post=9182"}],"wp:featuredmedia":[{"embeddable":true,"href":"https:\/\/sweetbabydreams.ee\/et\/wp-json\/wp\/v2\/media\/9181"}],"wp:attachment":[{"href":"https:\/\/sweetbabydreams.ee\/et\/wp-json\/wp\/v2\/media?parent=9182"}],"wp:term":[{"taxonomy":"product_cat","embeddable":true,"href":"https:\/\/sweetbabydreams.ee\/et\/wp-json\/wp\/v2\/product_cat?post=9182"},{"taxonomy":"product_tag","embeddable":true,"href":"https:\/\/sweetbabydreams.ee\/et\/wp-json\/wp\/v2\/product_tag?post=9182"}],"curies":[{"name":"wp","href":"https:\/\/api.w.org\/{rel}","templated":true}]}}